{"id":51,"date":"2018-07-17T19:24:56","date_gmt":"2018-07-17T16:24:56","guid":{"rendered":"https:\/\/kentraju.com\/?page_id=51"},"modified":"2018-08-21T21:42:12","modified_gmt":"2018-08-21T18:42:12","slug":"tuntud-universum-kadunud-maa","status":"publish","type":"page","link":"https:\/\/www.kentraju.com\/et\/tuntud-universum-kadunud-maa\/","title":{"rendered":"Tuntud Universum: kadunud Maa"},"content":{"rendered":"<h2>Raamatust Kadunud Maa, Eesti Ulmekirjandus<\/h2>\n<p>V\u00f5ib tunduda, et m\u00fc\u00fctilise planeedi Maa leidmine ei olegi nii raske. Aga kui selle v\u00f5tavad eesm\u00e4rgiks kaks s\u00f5pra, kellest \u00fcks ei tea midagi kosmose- laevadest ning teine on h\u00fcgieenist k\u00fcllalt v\u00e4he hooliv kolmesilmne \u201cskeemivend\u201d planeedilt Gyagg Septimus Omega Mu, hakkab juhtuma palju. Peagi \u00fchinevad nendega pahur, kuid heade sidemetega r\u00f6ster Piilips ning imekaunis ja geniaalne laevainsener Aurora.<\/p>\n<p>Oma teekonnal leiavad nad muu hulgas teemantt\u00e4he, teevad t\u00fcnga \u201cmaksukogumisele\u201d\u00a0spetsialiseerunud kosmomaffiale, k\u00fclastavad liiga tiheda asustusega burgeriplaneeti \u00a0ning saavad sinas\u00f5braks kogu Tuntud Universumi tegeliku valitsejaga.<\/p>\n","protected":false},"excerpt":{"rendered":"<p>Raamatust Kadunud Maa, Eesti Ulmekirjandus V\u00f5ib tunduda, et m\u00fc\u00fctilise planeedi Maa leidmine ei olegi nii raske. Aga kui selle v\u00f5tavad eesm\u00e4rgiks kaks s\u00f5pra, kellest \u00fcks ei tea midagi kosmose- laevadest ning teine on h\u00fcgieenist k\u00fcllalt v\u00e4he hooliv kolmesilmne \u201cskeemivend\u201d planeedilt Gyagg Septimus Omega Mu, hakkab juhtuma palju. Peagi \u00fchinevad nendega pahur, kuid heade sidemetega r\u00f6ster [&hellip;]<\/p>\n","protected":false},"author":1,"featured_media":973,"parent":0,"menu_order":0,"comment_status":"closed","ping_status":"closed","template":"","meta":{"_acf_changed":false,"_exactmetrics_skip_tracking":false,"_exactmetrics_sitenote_active":false,"_exactmetrics_sitenote_note":"","_exactmetrics_sitenote_category":0,"footnotes":""},"class_list":["post-51","page","type-page","status-publish","has-post-thumbnail","hentry"],"acf":[],"yoast_head":"<!-- This site is optimized with the Yoast SEO plugin v23.3 - https:\/\/yoast.com\/wordpress\/plugins\/seo\/ -->\n<title>Eesti ulmekirjandus &quot;Tuntud Universum: kadunud Maa&quot; | Kent Raju<\/title>\n<meta name=\"description\" content=\"Eesti ulmekirjandus &quot;Tuntud Universum: kadunud Maa&quot; on l\u00f5bus lugemine nooremale ja suuremale ulmekom\u00f6\u00f6dia austajale. Loe algust tasuta!\" \/>\n<meta name=\"robots\" content=\"index, follow, max-snippet:-1, max-image-preview:large, max-video-preview:-1\" \/>\n<link rel=\"canonical\" href=\"https:\/\/www.kentraju.com\/et\/tuntud-universum-kadunud-maa\/\" \/>\n<meta property=\"og:locale\" content=\"et_EE\" \/>\n<meta property=\"og:type\" content=\"article\" \/>\n<meta property=\"og:title\" content=\"Eesti ulmekirjandus &quot;Tuntud Universum: kadunud Maa&quot; | Kent Raju\" \/>\n<meta property=\"og:description\" content=\"Eesti ulmekirjandus &quot;Tuntud Universum: kadunud Maa&quot; on l\u00f5bus lugemine nooremale ja suuremale ulmekom\u00f6\u00f6dia austajale. Loe algust tasuta!\" \/>\n<meta property=\"og:url\" content=\"https:\/\/www.kentraju.com\/et\/tuntud-universum-kadunud-maa\/\" \/>\n<meta property=\"og:site_name\" content=\"Kent Raju\" \/>\n<meta property=\"article:publisher\" content=\"https:\/\/www.facebook.com\/Reklaamitrikk\/\" \/>\n<meta property=\"article:modified_time\" content=\"2018-08-21T18:42:12+00:00\" \/>\n<meta property=\"og:image\" content=\"https:\/\/www.kentraju.com\/wp-content\/uploads\/2018\/07\/Eesti-ulme-ulmeraamat-kadunud-maa.png\" \/>\n\t<meta property=\"og:image:width\" content=\"405\" \/>\n\t<meta property=\"og:image:height\" content=\"312\" \/>\n\t<meta property=\"og:image:type\" content=\"image\/png\" \/>\n<meta name=\"twitter:card\" content=\"summary_large_image\" \/>\n<meta name=\"twitter:site\" content=\"@kentraju\" \/>\n<meta name=\"twitter:label1\" content=\"Est. reading time\" \/>\n\t<meta name=\"twitter:data1\" content=\"1 minut\" \/>\n<script type=\"application\/ld+json\" class=\"yoast-schema-graph\">{\"@context\":\"https:\/\/schema.org\",\"@graph\":[{\"@type\":\"WebPage\",\"@id\":\"https:\/\/www.kentraju.com\/et\/tuntud-universum-kadunud-maa\/\",\"url\":\"https:\/\/www.kentraju.com\/et\/tuntud-universum-kadunud-maa\/\",\"name\":\"Eesti ulmekirjandus \\\"Tuntud Universum: kadunud Maa\\\" | Kent Raju\",\"isPartOf\":{\"@id\":\"https:\/\/www.kentraju.com\/#website\"},\"primaryImageOfPage\":{\"@id\":\"https:\/\/www.kentraju.com\/et\/tuntud-universum-kadunud-maa\/#primaryimage\"},\"image\":{\"@id\":\"https:\/\/www.kentraju.com\/et\/tuntud-universum-kadunud-maa\/#primaryimage\"},\"thumbnailUrl\":\"https:\/\/www.kentraju.com\/wp-content\/uploads\/2018\/07\/Eesti-ulme-ulmeraamat-kadunud-maa.png\",\"datePublished\":\"2018-07-17T16:24:56+00:00\",\"dateModified\":\"2018-08-21T18:42:12+00:00\",\"description\":\"Eesti ulmekirjandus \\\"Tuntud Universum: kadunud Maa\\\" on l\u00f5bus lugemine nooremale ja suuremale ulmekom\u00f6\u00f6dia austajale. Loe algust tasuta!\",\"breadcrumb\":{\"@id\":\"https:\/\/www.kentraju.com\/et\/tuntud-universum-kadunud-maa\/#breadcrumb\"},\"inLanguage\":\"et\",\"potentialAction\":[{\"@type\":\"ReadAction\",\"target\":[\"https:\/\/www.kentraju.com\/et\/tuntud-universum-kadunud-maa\/\"]}]},{\"@type\":\"ImageObject\",\"inLanguage\":\"et\",\"@id\":\"https:\/\/www.kentraju.com\/et\/tuntud-universum-kadunud-maa\/#primaryimage\",\"url\":\"https:\/\/www.kentraju.com\/wp-content\/uploads\/2018\/07\/Eesti-ulme-ulmeraamat-kadunud-maa.png\",\"contentUrl\":\"https:\/\/www.kentraju.com\/wp-content\/uploads\/2018\/07\/Eesti-ulme-ulmeraamat-kadunud-maa.png\",\"width\":405,\"height\":312},{\"@type\":\"BreadcrumbList\",\"@id\":\"https:\/\/www.kentraju.com\/et\/tuntud-universum-kadunud-maa\/#breadcrumb\",\"itemListElement\":[{\"@type\":\"ListItem\",\"position\":1,\"name\":\"Home\",\"item\":\"https:\/\/www.kentraju.com\/et\/\"},{\"@type\":\"ListItem\",\"position\":2,\"name\":\"Tuntud Universum: kadunud Maa\"}]},{\"@type\":\"WebSite\",\"@id\":\"https:\/\/www.kentraju.com\/#website\",\"url\":\"https:\/\/www.kentraju.com\/\",\"name\":\"Kent Raju\",\"description\":\"\",\"potentialAction\":[{\"@type\":\"SearchAction\",\"target\":{\"@type\":\"EntryPoint\",\"urlTemplate\":\"https:\/\/www.kentraju.com\/?s={search_term_string}\"},\"query-input\":\"required name=search_term_string\"}],\"inLanguage\":\"et\"}]}<\/script>\n<!-- \/ Yoast SEO plugin. -->","yoast_head_json":{"title":"Eesti ulmekirjandus \"Tuntud Universum: kadunud Maa\" | Kent Raju","description":"Eesti ulmekirjandus \"Tuntud Universum: kadunud Maa\" on l\u00f5bus lugemine nooremale ja suuremale ulmekom\u00f6\u00f6dia austajale. Loe algust tasuta!","robots":{"index":"index","follow":"follow","max-snippet":"max-snippet:-1","max-image-preview":"max-image-preview:large","max-video-preview":"max-video-preview:-1"},"canonical":"https:\/\/www.kentraju.com\/et\/tuntud-universum-kadunud-maa\/","og_locale":"et_EE","og_type":"article","og_title":"Eesti ulmekirjandus \"Tuntud Universum: kadunud Maa\" | Kent Raju","og_description":"Eesti ulmekirjandus \"Tuntud Universum: kadunud Maa\" on l\u00f5bus lugemine nooremale ja suuremale ulmekom\u00f6\u00f6dia austajale. Loe algust tasuta!","og_url":"https:\/\/www.kentraju.com\/et\/tuntud-universum-kadunud-maa\/","og_site_name":"Kent Raju","article_publisher":"https:\/\/www.facebook.com\/Reklaamitrikk\/","article_modified_time":"2018-08-21T18:42:12+00:00","og_image":[{"width":405,"height":312,"url":"https:\/\/www.kentraju.com\/wp-content\/uploads\/2018\/07\/Eesti-ulme-ulmeraamat-kadunud-maa.png","type":"image\/png"}],"twitter_card":"summary_large_image","twitter_site":"@kentraju","twitter_misc":{"Est. reading time":"1 minut"},"schema":{"@context":"https:\/\/schema.org","@graph":[{"@type":"WebPage","@id":"https:\/\/www.kentraju.com\/et\/tuntud-universum-kadunud-maa\/","url":"https:\/\/www.kentraju.com\/et\/tuntud-universum-kadunud-maa\/","name":"Eesti ulmekirjandus \"Tuntud Universum: kadunud Maa\" | Kent Raju","isPartOf":{"@id":"https:\/\/www.kentraju.com\/#website"},"primaryImageOfPage":{"@id":"https:\/\/www.kentraju.com\/et\/tuntud-universum-kadunud-maa\/#primaryimage"},"image":{"@id":"https:\/\/www.kentraju.com\/et\/tuntud-universum-kadunud-maa\/#primaryimage"},"thumbnailUrl":"https:\/\/www.kentraju.com\/wp-content\/uploads\/2018\/07\/Eesti-ulme-ulmeraamat-kadunud-maa.png","datePublished":"2018-07-17T16:24:56+00:00","dateModified":"2018-08-21T18:42:12+00:00","description":"Eesti ulmekirjandus \"Tuntud Universum: kadunud Maa\" on l\u00f5bus lugemine nooremale ja suuremale ulmekom\u00f6\u00f6dia austajale. Loe algust tasuta!","breadcrumb":{"@id":"https:\/\/www.kentraju.com\/et\/tuntud-universum-kadunud-maa\/#breadcrumb"},"inLanguage":"et","potentialAction":[{"@type":"ReadAction","target":["https:\/\/www.kentraju.com\/et\/tuntud-universum-kadunud-maa\/"]}]},{"@type":"ImageObject","inLanguage":"et","@id":"https:\/\/www.kentraju.com\/et\/tuntud-universum-kadunud-maa\/#primaryimage","url":"https:\/\/www.kentraju.com\/wp-content\/uploads\/2018\/07\/Eesti-ulme-ulmeraamat-kadunud-maa.png","contentUrl":"https:\/\/www.kentraju.com\/wp-content\/uploads\/2018\/07\/Eesti-ulme-ulmeraamat-kadunud-maa.png","width":405,"height":312},{"@type":"BreadcrumbList","@id":"https:\/\/www.kentraju.com\/et\/tuntud-universum-kadunud-maa\/#breadcrumb","itemListElement":[{"@type":"ListItem","position":1,"name":"Home","item":"https:\/\/www.kentraju.com\/et\/"},{"@type":"ListItem","position":2,"name":"Tuntud Universum: kadunud Maa"}]},{"@type":"WebSite","@id":"https:\/\/www.kentraju.com\/#website","url":"https:\/\/www.kentraju.com\/","name":"Kent Raju","description":"","potentialAction":[{"@type":"SearchAction","target":{"@type":"EntryPoint","urlTemplate":"https:\/\/www.kentraju.com\/?s={search_term_string}"},"query-input":"required name=search_term_string"}],"inLanguage":"et"}]}},"_links":{"self":[{"href":"https:\/\/www.kentraju.com\/et\/wp-json\/wp\/v2\/pages\/51","targetHints":{"allow":["GET"]}}],"collection":[{"href":"https:\/\/www.kentraju.com\/et\/wp-json\/wp\/v2\/pages"}],"about":[{"href":"https:\/\/www.kentraju.com\/et\/wp-json\/wp\/v2\/types\/page"}],"author":[{"embeddable":true,"href":"https:\/\/www.kentraju.com\/et\/wp-json\/wp\/v2\/users\/1"}],"replies":[{"embeddable":true,"href":"https:\/\/www.kentraju.com\/et\/wp-json\/wp\/v2\/comments?post=51"}],"version-history":[{"count":5,"href":"https:\/\/www.kentraju.com\/et\/wp-json\/wp\/v2\/pages\/51\/revisions"}],"predecessor-version":[{"id":975,"href":"https:\/\/www.kentraju.com\/et\/wp-json\/wp\/v2\/pages\/51\/revisions\/975"}],"wp:featuredmedia":[{"embeddable":true,"href":"https:\/\/www.kentraju.com\/et\/wp-json\/wp\/v2\/media\/973"}],"wp:attachment":[{"href":"https:\/\/www.kentraju.com\/et\/wp-json\/wp\/v2\/media?parent=51"}],"curies":[{"name":"wp","href":"https:\/\/api.w.org\/{rel}","templated":true}]}}